{"id":1134,"date":"2023-12-28T10:41:50","date_gmt":"2023-12-28T10:41:50","guid":{"rendered":"https:\/\/relaiscollemessino.it\/index.php\/evenements\/"},"modified":"2024-06-18T10:07:26","modified_gmt":"2024-06-18T10:07:26","slug":"evenements","status":"publish","type":"page","link":"https:\/\/relaiscollemessino.it\/fr\/index.php\/evenements\/","title":{"rendered":"\u00c9v\u00e9nements"},"content":{"rendered":"\t\t<div data-elementor-type=\"wp-page\" data-elementor-id=\"1134\" class=\"elementor elementor-1134 elementor-228\" data-elementor-post-type=\"page\">\n\t\t\t\t<div class=\"elementor-element elementor-element-a86ba08 e-con-full e-flex e-con e-parent\" data-id=\"a86ba08\" data-element_type=\"container\" data-settings=\"{&quot;background_background&quot;:&quot;classic&quot;}\">\n\t\t\t\t<div class=\"elementor-element elementor-element-a8404d9 elementor-widget elementor-widget-spacer\" data-id=\"a8404d9\" data-element_type=\"widget\" data-widget_type=\"spacer.default\">\n\t\t\t\t<div class=\"elementor-widget-container\">\n\t\t\t\t\t\t\t<div class=\"elementor-spacer\">\n\t\t\t<div class=\"elementor-spacer-inner\"><\/div>\n\t\t<\/div>\n\t\t\t\t\t\t<\/div>\n\t\t\t\t<\/div>\n\t\t\t\t<div class=\"elementor-element elementor-element-a364694 elementor-widget elementor-widget-heading\" data-id=\"a364694\" data-element_type=\"widget\" data-widget_type=\"heading.default\">\n\t\t\t\t<div class=\"elementor-widget-container\">\n\t\t\t\t\t<h2 class=\"elementor-heading-title elementor-size-default\">D\u00e9couvrez nos \u00e9v\u00e9nements\n<\/h2>\t\t\t\t<\/div>\n\t\t\t\t<\/div>\n\t\t\t\t<div class=\"elementor-element elementor-element-26e6c77 elementor-grid-3 elementor-grid-tablet-2 elementor-grid-mobile-1 elementor-posts--thumbnail-top elementor-widget elementor-widget-posts\" data-id=\"26e6c77\" data-element_type=\"widget\" data-settings=\"{&quot;classic_columns&quot;:&quot;3&quot;,&quot;classic_columns_tablet&quot;:&quot;2&quot;,&quot;classic_columns_mobile&quot;:&quot;1&quot;,&quot;classic_row_gap&quot;:{&quot;unit&quot;:&quot;px&quot;,&quot;size&quot;:35,&quot;sizes&quot;:[]},&quot;classic_row_gap_tablet&quot;:{&quot;unit&quot;:&quot;px&quot;,&quot;size&quot;:&quot;&quot;,&quot;sizes&quot;:[]},&quot;classic_row_gap_mobile&quot;:{&quot;unit&quot;:&quot;px&quot;,&quot;size&quot;:&quot;&quot;,&quot;sizes&quot;:[]}}\" data-widget_type=\"posts.classic\">\n\t\t\t\t<div class=\"elementor-widget-container\">\n\t\t\t\t\t\t\t<div class=\"elementor-posts-container elementor-posts elementor-posts--skin-classic elementor-grid\">\n\t\t\t\t<article class=\"elementor-post elementor-grid-item post-1065 post type-post status-publish format-standard has-post-thumbnail hentry category-non-classifiee\">\n\t\t\t\t<a class=\"elementor-post__thumbnail__link\" href=\"https:\/\/relaiscollemessino.it\/fr\/index.php\/2023\/10\/16\/112eme-foire-internationale-du-boeuf-gras-de-carru\/\" tabindex=\"-1\" >\n\t\t\t<div class=\"elementor-post__thumbnail\"><img fetchpriority=\"high\" decoding=\"async\" width=\"596\" height=\"800\" src=\"https:\/\/relaiscollemessino.it\/wp-content\/uploads\/2023\/10\/fiera_nazionale_bue_grasso_carru.jpg\" class=\"attachment-full size-full wp-image-674\" alt=\"\" srcset=\"https:\/\/relaiscollemessino.it\/wp-content\/uploads\/2023\/10\/fiera_nazionale_bue_grasso_carru.jpg 596w, https:\/\/relaiscollemessino.it\/wp-content\/uploads\/2023\/10\/fiera_nazionale_bue_grasso_carru-224x300.jpg 224w\" sizes=\"(max-width: 596px) 100vw, 596px\" \/><\/div>\n\t\t<\/a>\n\t\t\t\t<div class=\"elementor-post__text\">\n\t\t\t\t<h3 class=\"elementor-post__title\">\n\t\t\t<a href=\"https:\/\/relaiscollemessino.it\/fr\/index.php\/2023\/10\/16\/112eme-foire-internationale-du-boeuf-gras-de-carru\/\" >\n\t\t\t\t112\u00e8me Foire Internationale du B\u0153uf Gras de Carr\u00f9\t\t\t<\/a>\n\t\t<\/h3>\n\t\t\t\t<div class=\"elementor-post__excerpt\">\n\t\t\t\t\t<\/div>\n\t\t\n\t\t<a class=\"elementor-post__read-more\" href=\"https:\/\/relaiscollemessino.it\/fr\/index.php\/2023\/10\/16\/112eme-foire-internationale-du-boeuf-gras-de-carru\/\" aria-label=\"En savoir plus sur 112\u00e8me Foire Internationale du B\u0153uf Gras de Carr\u00f9\" tabindex=\"-1\" >\n\t\t\tTout lire\"\t\t<\/a>\n\n\t\t\t\t<\/div>\n\t\t\t\t<\/article>\n\t\t\t\t<article class=\"elementor-post elementor-grid-item post-1053 post type-post status-publish format-standard has-post-thumbnail hentry category-non-classifiee\">\n\t\t\t\t<a class=\"elementor-post__thumbnail__link\" href=\"https:\/\/relaiscollemessino.it\/fr\/index.php\/2023\/10\/16\/92eme-foire-internationale-de-la-truffe-blanche\/\" tabindex=\"-1\" >\n\t\t\t<div class=\"elementor-post__thumbnail\"><img decoding=\"async\" width=\"1400\" height=\"803\" src=\"https:\/\/relaiscollemessino.it\/wp-content\/uploads\/2023\/10\/resized_tartufi-1.jpg\" class=\"attachment-full size-full wp-image-677\" alt=\"\" srcset=\"https:\/\/relaiscollemessino.it\/wp-content\/uploads\/2023\/10\/resized_tartufi-1.jpg 1400w, https:\/\/relaiscollemessino.it\/wp-content\/uploads\/2023\/10\/resized_tartufi-1-300x172.jpg 300w, https:\/\/relaiscollemessino.it\/wp-content\/uploads\/2023\/10\/resized_tartufi-1-1024x587.jpg 1024w, https:\/\/relaiscollemessino.it\/wp-content\/uploads\/2023\/10\/resized_tartufi-1-768x441.jpg 768w\" sizes=\"(max-width: 1400px) 100vw, 1400px\" \/><\/div>\n\t\t<\/a>\n\t\t\t\t<div class=\"elementor-post__text\">\n\t\t\t\t<h3 class=\"elementor-post__title\">\n\t\t\t<a href=\"https:\/\/relaiscollemessino.it\/fr\/index.php\/2023\/10\/16\/92eme-foire-internationale-de-la-truffe-blanche\/\" >\n\t\t\t\t92\u00e8me Foire Internationale de la Truffe Blanche\t\t\t<\/a>\n\t\t<\/h3>\n\t\t\t\t<div class=\"elementor-post__excerpt\">\n\t\t\t\t\t<\/div>\n\t\t\n\t\t<a class=\"elementor-post__read-more\" href=\"https:\/\/relaiscollemessino.it\/fr\/index.php\/2023\/10\/16\/92eme-foire-internationale-de-la-truffe-blanche\/\" aria-label=\"En savoir plus sur 92\u00e8me Foire Internationale de la Truffe Blanche\" tabindex=\"-1\" >\n\t\t\tTout lire\"\t\t<\/a>\n\n\t\t\t\t<\/div>\n\t\t\t\t<\/article>\n\t\t\t\t<\/div>\n\t\t\n\t\t\t\t\t\t<\/div>\n\t\t\t\t<\/div>\n\t\t\t\t<div class=\"elementor-element elementor-element-f7d9894 elementor-widget elementor-widget-spacer\" data-id=\"f7d9894\" data-element_type=\"widget\" data-widget_type=\"spacer.default\">\n\t\t\t\t<div class=\"elementor-widget-container\">\n\t\t\t\t\t\t\t<div class=\"elementor-spacer\">\n\t\t\t<div class=\"elementor-spacer-inner\"><\/div>\n\t\t<\/div>\n\t\t\t\t\t\t<\/div>\n\t\t\t\t<\/div>\n\t\t\t\t<\/div>\n\t\t\t\t<\/div>\n\t\t","protected":false},"excerpt":{"rendered":"<p>D\u00e9couvrez nos \u00e9v\u00e9nements<\/p>\n","protected":false},"author":1,"featured_media":0,"parent":0,"menu_order":0,"comment_status":"closed","ping_status":"closed","template":"elementor_header_footer","meta":{"_joinchat":[],"footnotes":""},"class_list":["post-1134","page","type-page","status-publish","hentry"],"yoast_head":"<!-- This site is optimized with the Yoast SEO plugin v26.6 - https:\/\/yoast.com\/wordpress\/plugins\/seo\/ -->\n<title>\u00c9v\u00e9nements - Colle Messino<\/title>\n<meta name=\"robots\" content=\"index, follow, max-snippet:-1, max-image-preview:large, max-video-preview:-1\" \/>\n<link rel=\"canonical\" href=\"https:\/\/relaiscollemessino.it\/fr\/index.php\/evenements\/\" \/>\n<meta property=\"og:locale\" content=\"fr_FR\" \/>\n<meta property=\"og:type\" content=\"article\" \/>\n<meta property=\"og:title\" content=\"\u00c9v\u00e9nements - Colle Messino\" \/>\n<meta property=\"og:description\" content=\"D\u00e9couvrez nos \u00e9v\u00e9nements\" \/>\n<meta property=\"og:url\" content=\"https:\/\/relaiscollemessino.it\/fr\/index.php\/evenements\/\" \/>\n<meta property=\"og:site_name\" content=\"Colle Messino\" \/>\n<meta property=\"article:modified_time\" content=\"2024-06-18T10:07:26+00:00\" \/>\n<meta name=\"twitter:card\" content=\"summary_large_image\" \/>\n<script type=\"application\/ld+json\" class=\"yoast-schema-graph\">{\"@context\":\"https:\/\/schema.org\",\"@graph\":[{\"@type\":\"WebPage\",\"@id\":\"https:\/\/relaiscollemessino.it\/fr\/index.php\/evenements\/\",\"url\":\"https:\/\/relaiscollemessino.it\/fr\/index.php\/evenements\/\",\"name\":\"\u00c9v\u00e9nements - Colle Messino\",\"isPartOf\":{\"@id\":\"https:\/\/relaiscollemessino.it\/#website\"},\"datePublished\":\"2023-12-28T10:41:50+00:00\",\"dateModified\":\"2024-06-18T10:07:26+00:00\",\"breadcrumb\":{\"@id\":\"https:\/\/relaiscollemessino.it\/fr\/index.php\/evenements\/#breadcrumb\"},\"inLanguage\":\"fr-FR\",\"potentialAction\":[{\"@type\":\"ReadAction\",\"target\":[\"https:\/\/relaiscollemessino.it\/fr\/index.php\/evenements\/\"]}]},{\"@type\":\"BreadcrumbList\",\"@id\":\"https:\/\/relaiscollemessino.it\/fr\/index.php\/evenements\/#breadcrumb\",\"itemListElement\":[{\"@type\":\"ListItem\",\"position\":1,\"name\":\"Home\",\"item\":\"https:\/\/relaiscollemessino.it\/fr\/index.php\/page-daccueil\/\"},{\"@type\":\"ListItem\",\"position\":2,\"name\":\"\u00c9v\u00e9nements\"}]},{\"@type\":\"WebSite\",\"@id\":\"https:\/\/relaiscollemessino.it\/#website\",\"url\":\"https:\/\/relaiscollemessino.it\/\",\"name\":\"Colle Messino\",\"description\":\"Relais\",\"publisher\":{\"@id\":\"https:\/\/relaiscollemessino.it\/#organization\"},\"potentialAction\":[{\"@type\":\"SearchAction\",\"target\":{\"@type\":\"EntryPoint\",\"urlTemplate\":\"https:\/\/relaiscollemessino.it\/?s={search_term_string}\"},\"query-input\":{\"@type\":\"PropertyValueSpecification\",\"valueRequired\":true,\"valueName\":\"search_term_string\"}}],\"inLanguage\":\"fr-FR\"},{\"@type\":\"Organization\",\"@id\":\"https:\/\/relaiscollemessino.it\/#organization\",\"name\":\"Colle Messino\",\"url\":\"https:\/\/relaiscollemessino.it\/\",\"logo\":{\"@type\":\"ImageObject\",\"inLanguage\":\"fr-FR\",\"@id\":\"https:\/\/relaiscollemessino.it\/#\/schema\/logo\/image\/\",\"url\":\"https:\/\/relaiscollemessino.it\/wp-content\/uploads\/2023\/10\/LOGO-COLLE-MESSINO_small.png\",\"contentUrl\":\"https:\/\/relaiscollemessino.it\/wp-content\/uploads\/2023\/10\/LOGO-COLLE-MESSINO_small.png\",\"width\":718,\"height\":476,\"caption\":\"Colle Messino\"},\"image\":{\"@id\":\"https:\/\/relaiscollemessino.it\/#\/schema\/logo\/image\/\"}}]}<\/script>\n<!-- \/ Yoast SEO plugin. -->","yoast_head_json":{"title":"\u00c9v\u00e9nements - Colle Messino","robots":{"index":"index","follow":"follow","max-snippet":"max-snippet:-1","max-image-preview":"max-image-preview:large","max-video-preview":"max-video-preview:-1"},"canonical":"https:\/\/relaiscollemessino.it\/fr\/index.php\/evenements\/","og_locale":"fr_FR","og_type":"article","og_title":"\u00c9v\u00e9nements - Colle Messino","og_description":"D\u00e9couvrez nos \u00e9v\u00e9nements","og_url":"https:\/\/relaiscollemessino.it\/fr\/index.php\/evenements\/","og_site_name":"Colle Messino","article_modified_time":"2024-06-18T10:07:26+00:00","twitter_card":"summary_large_image","schema":{"@context":"https:\/\/schema.org","@graph":[{"@type":"WebPage","@id":"https:\/\/relaiscollemessino.it\/fr\/index.php\/evenements\/","url":"https:\/\/relaiscollemessino.it\/fr\/index.php\/evenements\/","name":"\u00c9v\u00e9nements - Colle Messino","isPartOf":{"@id":"https:\/\/relaiscollemessino.it\/#website"},"datePublished":"2023-12-28T10:41:50+00:00","dateModified":"2024-06-18T10:07:26+00:00","breadcrumb":{"@id":"https:\/\/relaiscollemessino.it\/fr\/index.php\/evenements\/#breadcrumb"},"inLanguage":"fr-FR","potentialAction":[{"@type":"ReadAction","target":["https:\/\/relaiscollemessino.it\/fr\/index.php\/evenements\/"]}]},{"@type":"BreadcrumbList","@id":"https:\/\/relaiscollemessino.it\/fr\/index.php\/evenements\/#breadcrumb","itemListElement":[{"@type":"ListItem","position":1,"name":"Home","item":"https:\/\/relaiscollemessino.it\/fr\/index.php\/page-daccueil\/"},{"@type":"ListItem","position":2,"name":"\u00c9v\u00e9nements"}]},{"@type":"WebSite","@id":"https:\/\/relaiscollemessino.it\/#website","url":"https:\/\/relaiscollemessino.it\/","name":"Colle Messino","description":"Relais","publisher":{"@id":"https:\/\/relaiscollemessino.it\/#organization"},"potentialAction":[{"@type":"SearchAction","target":{"@type":"EntryPoint","urlTemplate":"https:\/\/relaiscollemessino.it\/?s={search_term_string}"},"query-input":{"@type":"PropertyValueSpecification","valueRequired":true,"valueName":"search_term_string"}}],"inLanguage":"fr-FR"},{"@type":"Organization","@id":"https:\/\/relaiscollemessino.it\/#organization","name":"Colle Messino","url":"https:\/\/relaiscollemessino.it\/","logo":{"@type":"ImageObject","inLanguage":"fr-FR","@id":"https:\/\/relaiscollemessino.it\/#\/schema\/logo\/image\/","url":"https:\/\/relaiscollemessino.it\/wp-content\/uploads\/2023\/10\/LOGO-COLLE-MESSINO_small.png","contentUrl":"https:\/\/relaiscollemessino.it\/wp-content\/uploads\/2023\/10\/LOGO-COLLE-MESSINO_small.png","width":718,"height":476,"caption":"Colle Messino"},"image":{"@id":"https:\/\/relaiscollemessino.it\/#\/schema\/logo\/image\/"}}]}},"_links":{"self":[{"href":"https:\/\/relaiscollemessino.it\/fr\/index.php\/wp-json\/wp\/v2\/pages\/1134","targetHints":{"allow":["GET"]}}],"collection":[{"href":"https:\/\/relaiscollemessino.it\/fr\/index.php\/wp-json\/wp\/v2\/pages"}],"about":[{"href":"https:\/\/relaiscollemessino.it\/fr\/index.php\/wp-json\/wp\/v2\/types\/page"}],"author":[{"embeddable":true,"href":"https:\/\/relaiscollemessino.it\/fr\/index.php\/wp-json\/wp\/v2\/users\/1"}],"replies":[{"embeddable":true,"href":"https:\/\/relaiscollemessino.it\/fr\/index.php\/wp-json\/wp\/v2\/comments?post=1134"}],"version-history":[{"count":2,"href":"https:\/\/relaiscollemessino.it\/fr\/index.php\/wp-json\/wp\/v2\/pages\/1134\/revisions"}],"predecessor-version":[{"id":1137,"href":"https:\/\/relaiscollemessino.it\/fr\/index.php\/wp-json\/wp\/v2\/pages\/1134\/revisions\/1137"}],"wp:attachment":[{"href":"https:\/\/relaiscollemessino.it\/fr\/index.php\/wp-json\/wp\/v2\/media?parent=1134"}],"curies":[{"name":"wp","href":"https:\/\/api.w.org\/{rel}","templated":true}]}}