{"id":1078,"date":"2024-03-12T16:16:55","date_gmt":"2024-03-12T16:16:55","guid":{"rendered":"https:\/\/relaiscollemessino.it\/index.php\/suite-orion\/"},"modified":"2024-06-24T09:18:03","modified_gmt":"2024-06-24T09:18:03","slug":"suite-orion","status":"publish","type":"page","link":"https:\/\/relaiscollemessino.it\/fr\/index.php\/suite-orion\/","title":{"rendered":"Suite Orion"},"content":{"rendered":"<style>\/*! elementor - v3.22.0 - 17-06-2024 *\/\n.elementor-heading-title{padding:0;margin:0;line-height:1}.elementor-widget-heading .elementor-heading-title[class*=elementor-size-]>a{color:inherit;font-size:inherit;line-height:inherit}.elementor-widget-heading .elementor-heading-title.elementor-size-small{font-size:15px}.elementor-widget-heading .elementor-heading-title.elementor-size-medium{font-size:19px}.elementor-widget-heading .elementor-heading-title.elementor-size-large{font-size:29px}.elementor-widget-heading .elementor-heading-title.elementor-size-xl{font-size:39px}.elementor-widget-heading .elementor-heading-title.elementor-size-xxl{font-size:59px}<\/style>\n<h2>Suite Orion<\/h2>\n<style>\/*! elementor - v3.22.0 - 17-06-2024 *\/\n.elementor-widget-divider{--divider-border-style:none;--divider-border-width:1px;--divider-color:#0c0d0e;--divider-icon-size:20px;--divider-element-spacing:10px;--divider-pattern-height:24px;--divider-pattern-size:20px;--divider-pattern-url:none;--divider-pattern-repeat:repeat-x}.elementor-widget-divider .elementor-divider{display:flex}.elementor-widget-divider .elementor-divider__text{font-size:15px;line-height:1;max-width:95%}.elementor-widget-divider .elementor-divider__element{margin:0 var(--divider-element-spacing);flex-shrink:0}.elementor-widget-divider .elementor-icon{font-size:var(--divider-icon-size)}.elementor-widget-divider .elementor-divider-separator{display:flex;margin:0;direction:ltr}.elementor-widget-divider--view-line_icon .elementor-divider-separator,.elementor-widget-divider--view-line_text .elementor-divider-separator{align-items:center}.elementor-widget-divider--view-line_icon .elementor-divider-separator:after,.elementor-widget-divider--view-line_icon .elementor-divider-separator:before,.elementor-widget-divider--view-line_text .elementor-divider-separator:after,.elementor-widget-divider--view-line_text .elementor-divider-separator:before{display:block;content:\"\";border-block-end:0;flex-grow:1;border-block-start:var(--divider-border-width) var(--divider-border-style) var(--divider-color)}.elementor-widget-divider--element-align-left .elementor-divider .elementor-divider-separator>.elementor-divider__svg:first-of-type{flex-grow:0;flex-shrink:100}.elementor-widget-divider--element-align-left .elementor-divider-separator:before{content:none}.elementor-widget-divider--element-align-left .elementor-divider__element{margin-left:0}.elementor-widget-divider--element-align-right .elementor-divider .elementor-divider-separator>.elementor-divider__svg:last-of-type{flex-grow:0;flex-shrink:100}.elementor-widget-divider--element-align-right .elementor-divider-separator:after{content:none}.elementor-widget-divider--element-align-right .elementor-divider__element{margin-right:0}.elementor-widget-divider--element-align-start .elementor-divider .elementor-divider-separator>.elementor-divider__svg:first-of-type{flex-grow:0;flex-shrink:100}.elementor-widget-divider--element-align-start .elementor-divider-separator:before{content:none}.elementor-widget-divider--element-align-start .elementor-divider__element{margin-inline-start:0}.elementor-widget-divider--element-align-end .elementor-divider .elementor-divider-separator>.elementor-divider__svg:last-of-type{flex-grow:0;flex-shrink:100}.elementor-widget-divider--element-align-end .elementor-divider-separator:after{content:none}.elementor-widget-divider--element-align-end .elementor-divider__element{margin-inline-end:0}.elementor-widget-divider:not(.elementor-widget-divider--view-line_text):not(.elementor-widget-divider--view-line_icon) .elementor-divider-separator{border-block-start:var(--divider-border-width) var(--divider-border-style) var(--divider-color)}.elementor-widget-divider--separator-type-pattern{--divider-border-style:none}.elementor-widget-divider--separator-type-pattern.elementor-widget-divider--view-line .elementor-divider-separator,.elementor-widget-divider--separator-type-pattern:not(.elementor-widget-divider--view-line) .elementor-divider-separator:after,.elementor-widget-divider--separator-type-pattern:not(.elementor-widget-divider--view-line) .elementor-divider-separator:before,.elementor-widget-divider--separator-type-pattern:not([class*=elementor-widget-divider--view]) .elementor-divider-separator{width:100%;min-height:var(--divider-pattern-height);-webkit-mask-size:var(--divider-pattern-size) 100%;mask-size:var(--divider-pattern-size) 100%;-webkit-mask-repeat:var(--divider-pattern-repeat);mask-repeat:var(--divider-pattern-repeat);background-color:var(--divider-color);-webkit-mask-image:var(--divider-pattern-url);mask-image:var(--divider-pattern-url)}.elementor-widget-divider--no-spacing{--divider-pattern-size:auto}.elementor-widget-divider--bg-round{--divider-pattern-repeat:round}.rtl .elementor-widget-divider .elementor-divider__text{direction:rtl}.e-con-inner>.elementor-widget-divider,.e-con>.elementor-widget-divider{width:var(--container-widget-width,100%);--flex-grow:var(--container-widget-flex-grow)}<\/style>\n<h2>Design et classe avec une vue panoramique pr\u00e9cieuse et inoubliable sur les collines de Monregalese<\/h2>\n<p><strong>La Suite Orione,<\/strong> situ\u00e9e au <strong>deuxi\u00e8me \u00e9tage<\/strong> du Colle Messino Relais, se caract\u00e9rise par des espaces bien d\u00e9finis, o\u00f9 la <strong>chaleur du bois<\/strong> rencontre le raffinement d&rsquo; <strong>un mobilier moderne et minimaliste<\/strong> . <\/p>\n<p>Un \u00e9l\u00e9gant <strong>parquet<\/strong> clair contraste finement avec le caract\u00e8re d\u00e9cisif des couleurs qui dessinent les espaces et touche le bois plus fonc\u00e9 du plafond mansard\u00e9 en terre cuite pi\u00e9montaise. Le protagoniste incontest\u00e9 de la suite est la <strong>magnifique baie vitr\u00e9e<\/strong> qui donne de la luminosit\u00e9 \u00e0 l&rsquo;environnement et offre une vue unique.<\/p>\n<p>Il se compose d&rsquo; <strong>un coin bar<\/strong> avec bouilloire et cafeti\u00e8re, <strong>d&rsquo;un lit double<\/strong> , d&rsquo;une grande <strong>salle de bain avec douche de<\/strong> plain-pied et d&rsquo;une <strong>terrasse couverte<\/strong> caract\u00e9ristique qui rappelle une ancienne grange et offre une vue que vous ne trouverez nulle part ailleurs. <\/p>\n<\/p>\n<p>\t\t\t<a href=\"https:\/\/my.xenion.it\/\/relaiscollemessino\/paginaprenotazione?idstructure=1&#038;lang=fr\"><br \/>\n\t\t\t\t\t\t\t\t\tLivre<br \/>\n\t\t\t\t\t<\/a><\/p>\n<style>\/*! elementor - v3.22.0 - 17-06-2024 *\/\n.elementor-widget-image{text-align:center}.elementor-widget-image a{display:inline-block}.elementor-widget-image a img[src$=\".svg\"]{width:48px}.elementor-widget-image img{vertical-align:middle;display:inline-block}<\/style>\n<p>\t\t\t\t\t\t\t\t\t\t<img fetchpriority=\"high\" decoding=\"async\" width=\"800\" height=\"600\" src=\"https:\/\/relaiscollemessino.it\/wp-content\/uploads\/2024\/03\/IMG_3133-1024x768.png\" alt=\"\" srcset=\"https:\/\/relaiscollemessino.it\/wp-content\/uploads\/2024\/03\/IMG_3133-1024x768.png 1024w, https:\/\/relaiscollemessino.it\/wp-content\/uploads\/2024\/03\/IMG_3133-300x225.png 300w, https:\/\/relaiscollemessino.it\/wp-content\/uploads\/2024\/03\/IMG_3133-768x576.png 768w, https:\/\/relaiscollemessino.it\/wp-content\/uploads\/2024\/03\/IMG_3133-1536x1152.png 1536w, https:\/\/relaiscollemessino.it\/wp-content\/uploads\/2024\/03\/IMG_3133.png 2016w\" sizes=\"(max-width: 800px) 100vw, 800px\" \/>\t\t\t\t\t\t\t\t\t\t\t\t\t<\/p>\n<p>De la terrasse, il est possible d&rsquo;admirer les <strong>collines et les vignobles de l&rsquo;Alta Langa et de Monregalese<\/strong> , les Alpes Pennines et, par temps clair, m\u00eame le Mont Rose.<br \/>La Suite Orione est <strong>facilement accessible<\/strong> gr\u00e2ce \u00e0 la pr\u00e9sence d&rsquo;un ascenseur.<\/p>\n<link rel=\"stylesheet\" href=\"https:\/\/relaiscollemessino.it\/wp-content\/plugins\/elementor-pro\/assets\/css\/widget-carousel.min.css\">\n\t\t\t\t\t\t\t\t\t\t\t\t\t\tPrecedente<br \/>\n\t\t\t\t\t\t\t\t\t\t\t\t\t\tSuccessivo<\/p>\n<h2>EQUIPEMENT ET SERVICES<\/h2>\n<ul>\n<li>Auto-enregistrement<\/li>\n<li>Matelas hypoallerg\u00e9niques haut de gamme<\/li>\n<li>Lit King Size<\/li>\n<li>Set de courtoisie<\/li>\n<li>Cuisine avec 4 plaques \u00e0 induction, r\u00e9frig\u00e9rateur, lave-vaisselle, hotte et \u00e9vier<\/li>\n<li>Coin bar \u00e9quip\u00e9<\/li>\n<li>Bouilloire \u00e9lectrique avec s\u00e9lection d&rsquo;infusions et de th\u00e9<\/li>\n<li>Machine \u00e0 caf\u00e9 \u00e0 dosettes<\/li>\n<li>SMART TV<\/li>\n<li>Insonorisation acoustique<\/li>\n<li>Climatisation autonome<\/li>\n<li>Recirculation d&rsquo;air automatis\u00e9e<\/li>\n<li>Grande salle de bain attenante avec douche<\/li>\n<li>S\u00e8che-cheveux professionnel<\/li>\n<li>Wifi gratuit<\/li>\n<li>Service de nettoyage quotidien<\/li>\n<li>S\u00fbr<\/li>\n<li>Terrasse panoramique<\/li>\n<\/ul>\n<h2>Contactez-nous<\/h2>\n<h2>Colle Messino Relais est un paradis exclusif au c\u0153ur des collines Monregalese et de l&rsquo;Alta Langa<\/h2>\n<p>Une structure de charme, un emplacement prestigieux, une Villa tr\u00e8s \u00e9l\u00e9gante : nous vous attendons pour c\u00e9l\u00e9brer votre \u00e9v\u00e9nement ou pour profiter d&rsquo;un agr\u00e9able s\u00e9jour entre histoire, nature et vignobles \u00e0 Colle Messino.<\/p>\n<h2>Si vous cherchez un lieu pour un \u00e9v\u00e9nement, vous avez trouv\u00e9 le lieu id\u00e9al !<br \/>\n<\/h2>\n<p>\t\t\t<a href=\"https:\/\/my.xenionhttps:\/\/my.xenion.it\/\/relaiscollemessino\/paginaprenotazione?idstructure=1&#038;lang=frit\/\/relaiscollemessino\/paginaprenotazione?idstructure=1&#038;lang=it\"><br \/>\n\t\t\t\t\t\t\t\t\tLivre<br \/>\n\t\t\t\t\t<\/a><\/p>\n","protected":false},"excerpt":{"rendered":"<p>Suite Orion Design et classe avec une vue panoramique pr\u00e9cieuse et inoubliable sur les collines de Monregalese La Suite Orione, situ\u00e9e au deuxi\u00e8me \u00e9tage du Colle Messino Relais, se caract\u00e9rise par des espaces bien d\u00e9finis, o\u00f9 la chaleur du bois rencontre le raffinement d&rsquo; un mobilier moderne et minimaliste . Un \u00e9l\u00e9gant parquet clair contraste [&hellip;]<\/p>\n","protected":false},"author":1,"featured_media":0,"parent":0,"menu_order":0,"comment_status":"closed","ping_status":"closed","template":"elementor_header_footer","meta":{"_joinchat":[],"footnotes":""},"class_list":["post-1078","page","type-page","status-publish","hentry"],"yoast_head":"<!-- This site is optimized with the Yoast SEO plugin v26.6 - https:\/\/yoast.com\/wordpress\/plugins\/seo\/ -->\n<title>Suite Orion - Colle Messino<\/title>\n<meta name=\"robots\" content=\"index, follow, max-snippet:-1, max-image-preview:large, max-video-preview:-1\" \/>\n<link rel=\"canonical\" href=\"https:\/\/relaiscollemessino.it\/fr\/index.php\/suite-orion\/\" \/>\n<meta property=\"og:locale\" content=\"fr_FR\" \/>\n<meta property=\"og:type\" content=\"article\" \/>\n<meta property=\"og:title\" content=\"Suite Orion - Colle Messino\" \/>\n<meta property=\"og:description\" content=\"Suite Orion Design et classe avec une vue panoramique pr\u00e9cieuse et inoubliable sur les collines de Monregalese La Suite Orione, situ\u00e9e au deuxi\u00e8me \u00e9tage du Colle Messino Relais, se caract\u00e9rise par des espaces bien d\u00e9finis, o\u00f9 la chaleur du bois rencontre le raffinement d&rsquo; un mobilier moderne et minimaliste . Un \u00e9l\u00e9gant parquet clair contraste [&hellip;]\" \/>\n<meta property=\"og:url\" content=\"https:\/\/relaiscollemessino.it\/fr\/index.php\/suite-orion\/\" \/>\n<meta property=\"og:site_name\" content=\"Colle Messino\" \/>\n<meta property=\"article:modified_time\" content=\"2024-06-24T09:18:03+00:00\" \/>\n<meta property=\"og:image\" content=\"https:\/\/relaiscollemessino.it\/wp-content\/uploads\/2024\/03\/IMG_3133-1024x768.png\" \/>\n\t<meta property=\"og:image:width\" content=\"1024\" \/>\n\t<meta property=\"og:image:height\" content=\"768\" \/>\n\t<meta property=\"og:image:type\" content=\"image\/png\" \/>\n<meta name=\"twitter:card\" content=\"summary_large_image\" \/>\n<meta name=\"twitter:label1\" content=\"Dur\u00e9e de lecture estim\u00e9e\" \/>\n\t<meta name=\"twitter:data1\" content=\"2 minutes\" \/>\n<script type=\"application\/ld+json\" class=\"yoast-schema-graph\">{\"@context\":\"https:\/\/schema.org\",\"@graph\":[{\"@type\":\"WebPage\",\"@id\":\"https:\/\/relaiscollemessino.it\/fr\/index.php\/suite-orion\/\",\"url\":\"https:\/\/relaiscollemessino.it\/fr\/index.php\/suite-orion\/\",\"name\":\"Suite Orion - Colle Messino\",\"isPartOf\":{\"@id\":\"https:\/\/relaiscollemessino.it\/#website\"},\"primaryImageOfPage\":{\"@id\":\"https:\/\/relaiscollemessino.it\/fr\/index.php\/suite-orion\/#primaryimage\"},\"image\":{\"@id\":\"https:\/\/relaiscollemessino.it\/fr\/index.php\/suite-orion\/#primaryimage\"},\"thumbnailUrl\":\"https:\/\/relaiscollemessino.it\/wp-content\/uploads\/2024\/03\/IMG_3133-1024x768.png\",\"datePublished\":\"2024-03-12T16:16:55+00:00\",\"dateModified\":\"2024-06-24T09:18:03+00:00\",\"breadcrumb\":{\"@id\":\"https:\/\/relaiscollemessino.it\/fr\/index.php\/suite-orion\/#breadcrumb\"},\"inLanguage\":\"fr-FR\",\"potentialAction\":[{\"@type\":\"ReadAction\",\"target\":[\"https:\/\/relaiscollemessino.it\/fr\/index.php\/suite-orion\/\"]}]},{\"@type\":\"ImageObject\",\"inLanguage\":\"fr-FR\",\"@id\":\"https:\/\/relaiscollemessino.it\/fr\/index.php\/suite-orion\/#primaryimage\",\"url\":\"https:\/\/relaiscollemessino.it\/wp-content\/uploads\/2024\/03\/IMG_3133-1024x768.png\",\"contentUrl\":\"https:\/\/relaiscollemessino.it\/wp-content\/uploads\/2024\/03\/IMG_3133-1024x768.png\"},{\"@type\":\"BreadcrumbList\",\"@id\":\"https:\/\/relaiscollemessino.it\/fr\/index.php\/suite-orion\/#breadcrumb\",\"itemListElement\":[{\"@type\":\"ListItem\",\"position\":1,\"name\":\"Home\",\"item\":\"https:\/\/relaiscollemessino.it\/fr\/index.php\/page-daccueil\/\"},{\"@type\":\"ListItem\",\"position\":2,\"name\":\"Suite Orion\"}]},{\"@type\":\"WebSite\",\"@id\":\"https:\/\/relaiscollemessino.it\/#website\",\"url\":\"https:\/\/relaiscollemessino.it\/\",\"name\":\"Colle Messino\",\"description\":\"Relais\",\"publisher\":{\"@id\":\"https:\/\/relaiscollemessino.it\/#organization\"},\"potentialAction\":[{\"@type\":\"SearchAction\",\"target\":{\"@type\":\"EntryPoint\",\"urlTemplate\":\"https:\/\/relaiscollemessino.it\/?s={search_term_string}\"},\"query-input\":{\"@type\":\"PropertyValueSpecification\",\"valueRequired\":true,\"valueName\":\"search_term_string\"}}],\"inLanguage\":\"fr-FR\"},{\"@type\":\"Organization\",\"@id\":\"https:\/\/relaiscollemessino.it\/#organization\",\"name\":\"Colle Messino\",\"url\":\"https:\/\/relaiscollemessino.it\/\",\"logo\":{\"@type\":\"ImageObject\",\"inLanguage\":\"fr-FR\",\"@id\":\"https:\/\/relaiscollemessino.it\/#\/schema\/logo\/image\/\",\"url\":\"https:\/\/relaiscollemessino.it\/wp-content\/uploads\/2023\/10\/LOGO-COLLE-MESSINO_small.png\",\"contentUrl\":\"https:\/\/relaiscollemessino.it\/wp-content\/uploads\/2023\/10\/LOGO-COLLE-MESSINO_small.png\",\"width\":718,\"height\":476,\"caption\":\"Colle Messino\"},\"image\":{\"@id\":\"https:\/\/relaiscollemessino.it\/#\/schema\/logo\/image\/\"}}]}<\/script>\n<!-- \/ Yoast SEO plugin. -->","yoast_head_json":{"title":"Suite Orion - Colle Messino","robots":{"index":"index","follow":"follow","max-snippet":"max-snippet:-1","max-image-preview":"max-image-preview:large","max-video-preview":"max-video-preview:-1"},"canonical":"https:\/\/relaiscollemessino.it\/fr\/index.php\/suite-orion\/","og_locale":"fr_FR","og_type":"article","og_title":"Suite Orion - Colle Messino","og_description":"Suite Orion Design et classe avec une vue panoramique pr\u00e9cieuse et inoubliable sur les collines de Monregalese La Suite Orione, situ\u00e9e au deuxi\u00e8me \u00e9tage du Colle Messino Relais, se caract\u00e9rise par des espaces bien d\u00e9finis, o\u00f9 la chaleur du bois rencontre le raffinement d&rsquo; un mobilier moderne et minimaliste . Un \u00e9l\u00e9gant parquet clair contraste [&hellip;]","og_url":"https:\/\/relaiscollemessino.it\/fr\/index.php\/suite-orion\/","og_site_name":"Colle Messino","article_modified_time":"2024-06-24T09:18:03+00:00","og_image":[{"width":1024,"height":768,"url":"https:\/\/relaiscollemessino.it\/wp-content\/uploads\/2024\/03\/IMG_3133-1024x768.png","type":"image\/png"}],"twitter_card":"summary_large_image","twitter_misc":{"Dur\u00e9e de lecture estim\u00e9e":"2 minutes"},"schema":{"@context":"https:\/\/schema.org","@graph":[{"@type":"WebPage","@id":"https:\/\/relaiscollemessino.it\/fr\/index.php\/suite-orion\/","url":"https:\/\/relaiscollemessino.it\/fr\/index.php\/suite-orion\/","name":"Suite Orion - Colle Messino","isPartOf":{"@id":"https:\/\/relaiscollemessino.it\/#website"},"primaryImageOfPage":{"@id":"https:\/\/relaiscollemessino.it\/fr\/index.php\/suite-orion\/#primaryimage"},"image":{"@id":"https:\/\/relaiscollemessino.it\/fr\/index.php\/suite-orion\/#primaryimage"},"thumbnailUrl":"https:\/\/relaiscollemessino.it\/wp-content\/uploads\/2024\/03\/IMG_3133-1024x768.png","datePublished":"2024-03-12T16:16:55+00:00","dateModified":"2024-06-24T09:18:03+00:00","breadcrumb":{"@id":"https:\/\/relaiscollemessino.it\/fr\/index.php\/suite-orion\/#breadcrumb"},"inLanguage":"fr-FR","potentialAction":[{"@type":"ReadAction","target":["https:\/\/relaiscollemessino.it\/fr\/index.php\/suite-orion\/"]}]},{"@type":"ImageObject","inLanguage":"fr-FR","@id":"https:\/\/relaiscollemessino.it\/fr\/index.php\/suite-orion\/#primaryimage","url":"https:\/\/relaiscollemessino.it\/wp-content\/uploads\/2024\/03\/IMG_3133-1024x768.png","contentUrl":"https:\/\/relaiscollemessino.it\/wp-content\/uploads\/2024\/03\/IMG_3133-1024x768.png"},{"@type":"BreadcrumbList","@id":"https:\/\/relaiscollemessino.it\/fr\/index.php\/suite-orion\/#breadcrumb","itemListElement":[{"@type":"ListItem","position":1,"name":"Home","item":"https:\/\/relaiscollemessino.it\/fr\/index.php\/page-daccueil\/"},{"@type":"ListItem","position":2,"name":"Suite Orion"}]},{"@type":"WebSite","@id":"https:\/\/relaiscollemessino.it\/#website","url":"https:\/\/relaiscollemessino.it\/","name":"Colle Messino","description":"Relais","publisher":{"@id":"https:\/\/relaiscollemessino.it\/#organization"},"potentialAction":[{"@type":"SearchAction","target":{"@type":"EntryPoint","urlTemplate":"https:\/\/relaiscollemessino.it\/?s={search_term_string}"},"query-input":{"@type":"PropertyValueSpecification","valueRequired":true,"valueName":"search_term_string"}}],"inLanguage":"fr-FR"},{"@type":"Organization","@id":"https:\/\/relaiscollemessino.it\/#organization","name":"Colle Messino","url":"https:\/\/relaiscollemessino.it\/","logo":{"@type":"ImageObject","inLanguage":"fr-FR","@id":"https:\/\/relaiscollemessino.it\/#\/schema\/logo\/image\/","url":"https:\/\/relaiscollemessino.it\/wp-content\/uploads\/2023\/10\/LOGO-COLLE-MESSINO_small.png","contentUrl":"https:\/\/relaiscollemessino.it\/wp-content\/uploads\/2023\/10\/LOGO-COLLE-MESSINO_small.png","width":718,"height":476,"caption":"Colle Messino"},"image":{"@id":"https:\/\/relaiscollemessino.it\/#\/schema\/logo\/image\/"}}]}},"_links":{"self":[{"href":"https:\/\/relaiscollemessino.it\/fr\/index.php\/wp-json\/wp\/v2\/pages\/1078","targetHints":{"allow":["GET"]}}],"collection":[{"href":"https:\/\/relaiscollemessino.it\/fr\/index.php\/wp-json\/wp\/v2\/pages"}],"about":[{"href":"https:\/\/relaiscollemessino.it\/fr\/index.php\/wp-json\/wp\/v2\/types\/page"}],"author":[{"embeddable":true,"href":"https:\/\/relaiscollemessino.it\/fr\/index.php\/wp-json\/wp\/v2\/users\/1"}],"replies":[{"embeddable":true,"href":"https:\/\/relaiscollemessino.it\/fr\/index.php\/wp-json\/wp\/v2\/comments?post=1078"}],"version-history":[{"count":9,"href":"https:\/\/relaiscollemessino.it\/fr\/index.php\/wp-json\/wp\/v2\/pages\/1078\/revisions"}],"predecessor-version":[{"id":1397,"href":"https:\/\/relaiscollemessino.it\/fr\/index.php\/wp-json\/wp\/v2\/pages\/1078\/revisions\/1397"}],"wp:attachment":[{"href":"https:\/\/relaiscollemessino.it\/fr\/index.php\/wp-json\/wp\/v2\/media?parent=1078"}],"curies":[{"name":"wp","href":"https:\/\/api.w.org\/{rel}","templated":true}]}}