{"id":1086,"date":"2024-03-12T16:16:55","date_gmt":"2024-03-12T16:16:55","guid":{"rendered":"https:\/\/relaiscollemessino.it\/index.php\/orione-suite\/"},"modified":"2024-06-24T09:11:57","modified_gmt":"2024-06-24T09:11:57","slug":"orione-suite","status":"publish","type":"page","link":"https:\/\/relaiscollemessino.it\/de\/index.php\/orione-suite\/","title":{"rendered":"Orione-Suite"},"content":{"rendered":"<style>\/*! elementor - v3.22.0 - 17-06-2024 *\/\n.elementor-heading-title{padding:0;margin:0;line-height:1}.elementor-widget-heading .elementor-heading-title[class*=elementor-size-]>a{color:inherit;font-size:inherit;line-height:inherit}.elementor-widget-heading .elementor-heading-title.elementor-size-small{font-size:15px}.elementor-widget-heading .elementor-heading-title.elementor-size-medium{font-size:19px}.elementor-widget-heading .elementor-heading-title.elementor-size-large{font-size:29px}.elementor-widget-heading .elementor-heading-title.elementor-size-xl{font-size:39px}.elementor-widget-heading .elementor-heading-title.elementor-size-xxl{font-size:59px}<\/style>\n<h2>Orione-Suite<\/h2>\n<style>\/*! elementor - v3.22.0 - 17-06-2024 *\/\n.elementor-widget-divider{--divider-border-style:none;--divider-border-width:1px;--divider-color:#0c0d0e;--divider-icon-size:20px;--divider-element-spacing:10px;--divider-pattern-height:24px;--divider-pattern-size:20px;--divider-pattern-url:none;--divider-pattern-repeat:repeat-x}.elementor-widget-divider .elementor-divider{display:flex}.elementor-widget-divider .elementor-divider__text{font-size:15px;line-height:1;max-width:95%}.elementor-widget-divider .elementor-divider__element{margin:0 var(--divider-element-spacing);flex-shrink:0}.elementor-widget-divider .elementor-icon{font-size:var(--divider-icon-size)}.elementor-widget-divider .elementor-divider-separator{display:flex;margin:0;direction:ltr}.elementor-widget-divider--view-line_icon .elementor-divider-separator,.elementor-widget-divider--view-line_text .elementor-divider-separator{align-items:center}.elementor-widget-divider--view-line_icon .elementor-divider-separator:after,.elementor-widget-divider--view-line_icon .elementor-divider-separator:before,.elementor-widget-divider--view-line_text .elementor-divider-separator:after,.elementor-widget-divider--view-line_text .elementor-divider-separator:before{display:block;content:\"\";border-block-end:0;flex-grow:1;border-block-start:var(--divider-border-width) var(--divider-border-style) var(--divider-color)}.elementor-widget-divider--element-align-left .elementor-divider .elementor-divider-separator>.elementor-divider__svg:first-of-type{flex-grow:0;flex-shrink:100}.elementor-widget-divider--element-align-left .elementor-divider-separator:before{content:none}.elementor-widget-divider--element-align-left .elementor-divider__element{margin-left:0}.elementor-widget-divider--element-align-right .elementor-divider .elementor-divider-separator>.elementor-divider__svg:last-of-type{flex-grow:0;flex-shrink:100}.elementor-widget-divider--element-align-right .elementor-divider-separator:after{content:none}.elementor-widget-divider--element-align-right .elementor-divider__element{margin-right:0}.elementor-widget-divider--element-align-start .elementor-divider .elementor-divider-separator>.elementor-divider__svg:first-of-type{flex-grow:0;flex-shrink:100}.elementor-widget-divider--element-align-start .elementor-divider-separator:before{content:none}.elementor-widget-divider--element-align-start .elementor-divider__element{margin-inline-start:0}.elementor-widget-divider--element-align-end .elementor-divider .elementor-divider-separator>.elementor-divider__svg:last-of-type{flex-grow:0;flex-shrink:100}.elementor-widget-divider--element-align-end .elementor-divider-separator:after{content:none}.elementor-widget-divider--element-align-end .elementor-divider__element{margin-inline-end:0}.elementor-widget-divider:not(.elementor-widget-divider--view-line_text):not(.elementor-widget-divider--view-line_icon) .elementor-divider-separator{border-block-start:var(--divider-border-width) var(--divider-border-style) var(--divider-color)}.elementor-widget-divider--separator-type-pattern{--divider-border-style:none}.elementor-widget-divider--separator-type-pattern.elementor-widget-divider--view-line .elementor-divider-separator,.elementor-widget-divider--separator-type-pattern:not(.elementor-widget-divider--view-line) .elementor-divider-separator:after,.elementor-widget-divider--separator-type-pattern:not(.elementor-widget-divider--view-line) .elementor-divider-separator:before,.elementor-widget-divider--separator-type-pattern:not([class*=elementor-widget-divider--view]) .elementor-divider-separator{width:100%;min-height:var(--divider-pattern-height);-webkit-mask-size:var(--divider-pattern-size) 100%;mask-size:var(--divider-pattern-size) 100%;-webkit-mask-repeat:var(--divider-pattern-repeat);mask-repeat:var(--divider-pattern-repeat);background-color:var(--divider-color);-webkit-mask-image:var(--divider-pattern-url);mask-image:var(--divider-pattern-url)}.elementor-widget-divider--no-spacing{--divider-pattern-size:auto}.elementor-widget-divider--bg-round{--divider-pattern-repeat:round}.rtl .elementor-widget-divider .elementor-divider__text{direction:rtl}.e-con-inner>.elementor-widget-divider,.e-con>.elementor-widget-divider{width:var(--container-widget-width,100%);--flex-grow:var(--container-widget-flex-grow)}<\/style>\n<h2>Design und Klasse mit einem kostbaren und unvergesslichen Panoramablick auf die H\u00fcgel von Monregalese<\/h2>\n<p>Die <strong>Orione Suite<\/strong> im <strong>zweiten Stock<\/strong> des Colle Messino Relais zeichnet sich durch klar definierte R\u00e4ume aus, in denen die <strong>W\u00e4rme des Holzes<\/strong> auf die Raffinesse <strong>moderner und minimalistischer M\u00f6bel<\/strong> trifft. <\/p>\n<p>Ein eleganter heller <strong>Parkettboden<\/strong> kontrastiert fein mit dem entscheidenden Charakter der Farben, die die R\u00e4ume zeichnen, und ber\u00fchrt das dunklere Holz der Dachgeschossdecke aus piemontesischem Terrakotta. Der unbestrittene Protagonist der Suite ist das <strong>wunderbare Glasfenster<\/strong> , das der Umgebung Helligkeit verleiht und eine einzigartige Aussicht bietet.<\/p>\n<p>Es besteht aus <strong>einer Eckbar<\/strong> mit Wasserkocher und Kaffeemaschine, einem <strong>Doppelbett<\/strong> , einem gro\u00dfen <strong>Badezimmer mit<\/strong> bodengleicher Dusche und einer charakteristischen <strong>\u00fcberdachten Terrasse<\/strong> , die an eine alte Scheune erinnert und eine Aussicht bietet, die Sie sonst nirgendwo finden werden. <\/p>\n<\/p>\n<p>\t\t\t<a href=\"https:\/\/my.xenion.it\/\/relaiscollemessino\/paginaprenotazione?idstructure=1&#038;lang=de\"><br \/>\n\t\t\t\t\t\t\t\t\tBuch<br \/>\n\t\t\t\t\t<\/a><\/p>\n<style>\/*! elementor - v3.22.0 - 17-06-2024 *\/\n.elementor-widget-image{text-align:center}.elementor-widget-image a{display:inline-block}.elementor-widget-image a img[src$=\".svg\"]{width:48px}.elementor-widget-image img{vertical-align:middle;display:inline-block}<\/style>\n<p>\t\t\t\t\t\t\t\t\t\t<img fetchpriority=\"high\" decoding=\"async\" width=\"800\" height=\"600\" src=\"https:\/\/relaiscollemessino.it\/wp-content\/uploads\/2024\/03\/IMG_3133-1024x768.png\" alt=\"\" srcset=\"https:\/\/relaiscollemessino.it\/wp-content\/uploads\/2024\/03\/IMG_3133-1024x768.png 1024w, https:\/\/relaiscollemessino.it\/wp-content\/uploads\/2024\/03\/IMG_3133-300x225.png 300w, https:\/\/relaiscollemessino.it\/wp-content\/uploads\/2024\/03\/IMG_3133-768x576.png 768w, https:\/\/relaiscollemessino.it\/wp-content\/uploads\/2024\/03\/IMG_3133-1536x1152.png 1536w, https:\/\/relaiscollemessino.it\/wp-content\/uploads\/2024\/03\/IMG_3133.png 2016w\" sizes=\"(max-width: 800px) 100vw, 800px\" \/>\t\t\t\t\t\t\t\t\t\t\t\t\t<\/p>\n<p>Von der Terrasse aus kann man die <strong>H\u00fcgel und Weinberge der Alta Langa und Monregalese<\/strong> , die Walliser Alpen und an klaren Tagen sogar den Monte Rosa bewundern.<br \/>Die Orione Suite ist dank eines Aufzugs <strong>leicht zug\u00e4nglich<\/strong> .<\/p>\n<link rel=\"stylesheet\" href=\"https:\/\/relaiscollemessino.it\/wp-content\/plugins\/elementor-pro\/assets\/css\/widget-carousel.min.css\">\n\t\t\t\t\t\t\t\t\t\t\t\t\t\tPrecedente<br \/>\n\t\t\t\t\t\t\t\t\t\t\t\t\t\tSuccessivo<\/p>\n<h2>AUSSTATTUNG UND DIENSTLEISTUNGEN<\/h2>\n<ul>\n<li>Self-Check-in<\/li>\n<li>Hypoallergene Matratzen der Spitzenklasse<\/li>\n<li>Kingsize-Bett<\/li>\n<li>H\u00f6flichkeitsset<\/li>\n<li>K\u00fcche mit 4 Induktionsplatten, K\u00fchlschrank, Geschirrsp\u00fcler, Abzugshaube und Sp\u00fcle<\/li>\n<li>Barecke ausgestattet<\/li>\n<li>Wasserkocher mit Auswahl an Aufg\u00fcssen und Tee<\/li>\n<li>Kapselkaffeemaschine<\/li>\n<li>SMART-Fernseher<\/li>\n<li>Akustische Schalld\u00e4mmung<\/li>\n<li>Autonome Klimaanlage<\/li>\n<li>Automatische Umluft<\/li>\n<li>Gro\u00dfes Badezimmer mit Dusche<\/li>\n<li>Professioneller Haartrockner<\/li>\n<li>Gratis Wifi<\/li>\n<li>T\u00e4glicher Reinigungsservice<\/li>\n<li>Sicher<\/li>\n<li>Panoramaterrasse<\/li>\n<\/ul>\n<h2>Kontaktiere uns<\/h2>\n<h2>Das Colle Messino Relais ist ein exklusives Paradies im Herzen der H\u00fcgel von Monregalese und der Alta Langa<\/h2>\n<p>Eine charmante Struktur, eine prestigetr\u00e4chtige Lage, eine sehr elegante Villa: Wir erwarten Sie, um Ihre Veranstaltung zu feiern oder einen angenehmen Aufenthalt zwischen Geschichte, Natur und Weinbergen auf Colle Messino zu genie\u00dfen.<\/p>\n<h2>Wenn Sie nach einer Location f\u00fcr ein Event suchen, haben Sie den perfekten Ort gefunden!<br \/>\n<\/h2>\n<p>\t\t\t<a href=\"https:\/\/my.xenion.it\/\/relaiscollemessino\/paginaprenotazione?idstructure=1&#038;lang=de\"><br \/>\n\t\t\t\t\t\t\t\t\tBuch<br \/>\n\t\t\t\t\t<\/a><\/p>\n","protected":false},"excerpt":{"rendered":"<p>Orione-Suite Design und Klasse mit einem kostbaren und unvergesslichen Panoramablick auf die H\u00fcgel von Monregalese Die Orione Suite im zweiten Stock des Colle Messino Relais zeichnet sich durch klar definierte R\u00e4ume aus, in denen die W\u00e4rme des Holzes auf die Raffinesse moderner und minimalistischer M\u00f6bel trifft. Ein eleganter heller Parkettboden kontrastiert fein mit dem entscheidenden [&hellip;]<\/p>\n","protected":false},"author":1,"featured_media":0,"parent":0,"menu_order":0,"comment_status":"closed","ping_status":"closed","template":"elementor_header_footer","meta":{"_joinchat":[],"footnotes":""},"class_list":["post-1086","page","type-page","status-publish","hentry"],"yoast_head":"<!-- This site is optimized with the Yoast SEO plugin v26.6 - https:\/\/yoast.com\/wordpress\/plugins\/seo\/ -->\n<title>Orione-Suite - Colle Messino<\/title>\n<meta name=\"robots\" content=\"index, follow, max-snippet:-1, max-image-preview:large, max-video-preview:-1\" \/>\n<link rel=\"canonical\" href=\"https:\/\/relaiscollemessino.it\/de\/index.php\/orione-suite\/\" \/>\n<meta property=\"og:locale\" content=\"de_DE\" \/>\n<meta property=\"og:type\" content=\"article\" \/>\n<meta property=\"og:title\" content=\"Orione-Suite - Colle Messino\" \/>\n<meta property=\"og:description\" content=\"Orione-Suite Design und Klasse mit einem kostbaren und unvergesslichen Panoramablick auf die H\u00fcgel von Monregalese Die Orione Suite im zweiten Stock des Colle Messino Relais zeichnet sich durch klar definierte R\u00e4ume aus, in denen die W\u00e4rme des Holzes auf die Raffinesse moderner und minimalistischer M\u00f6bel trifft. Ein eleganter heller Parkettboden kontrastiert fein mit dem entscheidenden [&hellip;]\" \/>\n<meta property=\"og:url\" content=\"https:\/\/relaiscollemessino.it\/de\/index.php\/orione-suite\/\" \/>\n<meta property=\"og:site_name\" content=\"Colle Messino\" \/>\n<meta property=\"article:modified_time\" content=\"2024-06-24T09:11:57+00:00\" \/>\n<meta property=\"og:image\" content=\"https:\/\/relaiscollemessino.it\/wp-content\/uploads\/2024\/03\/IMG_3133-1024x768.png\" \/>\n\t<meta property=\"og:image:width\" content=\"1024\" \/>\n\t<meta property=\"og:image:height\" content=\"768\" \/>\n\t<meta property=\"og:image:type\" content=\"image\/png\" \/>\n<meta name=\"twitter:card\" content=\"summary_large_image\" \/>\n<meta name=\"twitter:label1\" content=\"Gesch\u00e4tzte Lesezeit\" \/>\n\t<meta name=\"twitter:data1\" content=\"2\u00a0Minuten\" \/>\n<script type=\"application\/ld+json\" class=\"yoast-schema-graph\">{\"@context\":\"https:\/\/schema.org\",\"@graph\":[{\"@type\":\"WebPage\",\"@id\":\"https:\/\/relaiscollemessino.it\/de\/index.php\/orione-suite\/\",\"url\":\"https:\/\/relaiscollemessino.it\/de\/index.php\/orione-suite\/\",\"name\":\"Orione-Suite - Colle Messino\",\"isPartOf\":{\"@id\":\"https:\/\/relaiscollemessino.it\/#website\"},\"primaryImageOfPage\":{\"@id\":\"https:\/\/relaiscollemessino.it\/de\/index.php\/orione-suite\/#primaryimage\"},\"image\":{\"@id\":\"https:\/\/relaiscollemessino.it\/de\/index.php\/orione-suite\/#primaryimage\"},\"thumbnailUrl\":\"https:\/\/relaiscollemessino.it\/wp-content\/uploads\/2024\/03\/IMG_3133-1024x768.png\",\"datePublished\":\"2024-03-12T16:16:55+00:00\",\"dateModified\":\"2024-06-24T09:11:57+00:00\",\"breadcrumb\":{\"@id\":\"https:\/\/relaiscollemessino.it\/de\/index.php\/orione-suite\/#breadcrumb\"},\"inLanguage\":\"de\",\"potentialAction\":[{\"@type\":\"ReadAction\",\"target\":[\"https:\/\/relaiscollemessino.it\/de\/index.php\/orione-suite\/\"]}]},{\"@type\":\"ImageObject\",\"inLanguage\":\"de\",\"@id\":\"https:\/\/relaiscollemessino.it\/de\/index.php\/orione-suite\/#primaryimage\",\"url\":\"https:\/\/relaiscollemessino.it\/wp-content\/uploads\/2024\/03\/IMG_3133-1024x768.png\",\"contentUrl\":\"https:\/\/relaiscollemessino.it\/wp-content\/uploads\/2024\/03\/IMG_3133-1024x768.png\"},{\"@type\":\"BreadcrumbList\",\"@id\":\"https:\/\/relaiscollemessino.it\/de\/index.php\/orione-suite\/#breadcrumb\",\"itemListElement\":[{\"@type\":\"ListItem\",\"position\":1,\"name\":\"Home\",\"item\":\"https:\/\/relaiscollemessino.it\/de\/index.php\/startseite\/\"},{\"@type\":\"ListItem\",\"position\":2,\"name\":\"Orione-Suite\"}]},{\"@type\":\"WebSite\",\"@id\":\"https:\/\/relaiscollemessino.it\/#website\",\"url\":\"https:\/\/relaiscollemessino.it\/\",\"name\":\"Colle Messino\",\"description\":\"Relais\",\"publisher\":{\"@id\":\"https:\/\/relaiscollemessino.it\/#organization\"},\"potentialAction\":[{\"@type\":\"SearchAction\",\"target\":{\"@type\":\"EntryPoint\",\"urlTemplate\":\"https:\/\/relaiscollemessino.it\/?s={search_term_string}\"},\"query-input\":{\"@type\":\"PropertyValueSpecification\",\"valueRequired\":true,\"valueName\":\"search_term_string\"}}],\"inLanguage\":\"de\"},{\"@type\":\"Organization\",\"@id\":\"https:\/\/relaiscollemessino.it\/#organization\",\"name\":\"Colle Messino\",\"url\":\"https:\/\/relaiscollemessino.it\/\",\"logo\":{\"@type\":\"ImageObject\",\"inLanguage\":\"de\",\"@id\":\"https:\/\/relaiscollemessino.it\/#\/schema\/logo\/image\/\",\"url\":\"https:\/\/relaiscollemessino.it\/wp-content\/uploads\/2023\/10\/LOGO-COLLE-MESSINO_small.png\",\"contentUrl\":\"https:\/\/relaiscollemessino.it\/wp-content\/uploads\/2023\/10\/LOGO-COLLE-MESSINO_small.png\",\"width\":718,\"height\":476,\"caption\":\"Colle Messino\"},\"image\":{\"@id\":\"https:\/\/relaiscollemessino.it\/#\/schema\/logo\/image\/\"}}]}<\/script>\n<!-- \/ Yoast SEO plugin. -->","yoast_head_json":{"title":"Orione-Suite - Colle Messino","robots":{"index":"index","follow":"follow","max-snippet":"max-snippet:-1","max-image-preview":"max-image-preview:large","max-video-preview":"max-video-preview:-1"},"canonical":"https:\/\/relaiscollemessino.it\/de\/index.php\/orione-suite\/","og_locale":"de_DE","og_type":"article","og_title":"Orione-Suite - Colle Messino","og_description":"Orione-Suite Design und Klasse mit einem kostbaren und unvergesslichen Panoramablick auf die H\u00fcgel von Monregalese Die Orione Suite im zweiten Stock des Colle Messino Relais zeichnet sich durch klar definierte R\u00e4ume aus, in denen die W\u00e4rme des Holzes auf die Raffinesse moderner und minimalistischer M\u00f6bel trifft. Ein eleganter heller Parkettboden kontrastiert fein mit dem entscheidenden [&hellip;]","og_url":"https:\/\/relaiscollemessino.it\/de\/index.php\/orione-suite\/","og_site_name":"Colle Messino","article_modified_time":"2024-06-24T09:11:57+00:00","og_image":[{"width":1024,"height":768,"url":"https:\/\/relaiscollemessino.it\/wp-content\/uploads\/2024\/03\/IMG_3133-1024x768.png","type":"image\/png"}],"twitter_card":"summary_large_image","twitter_misc":{"Gesch\u00e4tzte Lesezeit":"2\u00a0Minuten"},"schema":{"@context":"https:\/\/schema.org","@graph":[{"@type":"WebPage","@id":"https:\/\/relaiscollemessino.it\/de\/index.php\/orione-suite\/","url":"https:\/\/relaiscollemessino.it\/de\/index.php\/orione-suite\/","name":"Orione-Suite - Colle Messino","isPartOf":{"@id":"https:\/\/relaiscollemessino.it\/#website"},"primaryImageOfPage":{"@id":"https:\/\/relaiscollemessino.it\/de\/index.php\/orione-suite\/#primaryimage"},"image":{"@id":"https:\/\/relaiscollemessino.it\/de\/index.php\/orione-suite\/#primaryimage"},"thumbnailUrl":"https:\/\/relaiscollemessino.it\/wp-content\/uploads\/2024\/03\/IMG_3133-1024x768.png","datePublished":"2024-03-12T16:16:55+00:00","dateModified":"2024-06-24T09:11:57+00:00","breadcrumb":{"@id":"https:\/\/relaiscollemessino.it\/de\/index.php\/orione-suite\/#breadcrumb"},"inLanguage":"de","potentialAction":[{"@type":"ReadAction","target":["https:\/\/relaiscollemessino.it\/de\/index.php\/orione-suite\/"]}]},{"@type":"ImageObject","inLanguage":"de","@id":"https:\/\/relaiscollemessino.it\/de\/index.php\/orione-suite\/#primaryimage","url":"https:\/\/relaiscollemessino.it\/wp-content\/uploads\/2024\/03\/IMG_3133-1024x768.png","contentUrl":"https:\/\/relaiscollemessino.it\/wp-content\/uploads\/2024\/03\/IMG_3133-1024x768.png"},{"@type":"BreadcrumbList","@id":"https:\/\/relaiscollemessino.it\/de\/index.php\/orione-suite\/#breadcrumb","itemListElement":[{"@type":"ListItem","position":1,"name":"Home","item":"https:\/\/relaiscollemessino.it\/de\/index.php\/startseite\/"},{"@type":"ListItem","position":2,"name":"Orione-Suite"}]},{"@type":"WebSite","@id":"https:\/\/relaiscollemessino.it\/#website","url":"https:\/\/relaiscollemessino.it\/","name":"Colle Messino","description":"Relais","publisher":{"@id":"https:\/\/relaiscollemessino.it\/#organization"},"potentialAction":[{"@type":"SearchAction","target":{"@type":"EntryPoint","urlTemplate":"https:\/\/relaiscollemessino.it\/?s={search_term_string}"},"query-input":{"@type":"PropertyValueSpecification","valueRequired":true,"valueName":"search_term_string"}}],"inLanguage":"de"},{"@type":"Organization","@id":"https:\/\/relaiscollemessino.it\/#organization","name":"Colle Messino","url":"https:\/\/relaiscollemessino.it\/","logo":{"@type":"ImageObject","inLanguage":"de","@id":"https:\/\/relaiscollemessino.it\/#\/schema\/logo\/image\/","url":"https:\/\/relaiscollemessino.it\/wp-content\/uploads\/2023\/10\/LOGO-COLLE-MESSINO_small.png","contentUrl":"https:\/\/relaiscollemessino.it\/wp-content\/uploads\/2023\/10\/LOGO-COLLE-MESSINO_small.png","width":718,"height":476,"caption":"Colle Messino"},"image":{"@id":"https:\/\/relaiscollemessino.it\/#\/schema\/logo\/image\/"}}]}},"_links":{"self":[{"href":"https:\/\/relaiscollemessino.it\/de\/index.php\/wp-json\/wp\/v2\/pages\/1086","targetHints":{"allow":["GET"]}}],"collection":[{"href":"https:\/\/relaiscollemessino.it\/de\/index.php\/wp-json\/wp\/v2\/pages"}],"about":[{"href":"https:\/\/relaiscollemessino.it\/de\/index.php\/wp-json\/wp\/v2\/types\/page"}],"author":[{"embeddable":true,"href":"https:\/\/relaiscollemessino.it\/de\/index.php\/wp-json\/wp\/v2\/users\/1"}],"replies":[{"embeddable":true,"href":"https:\/\/relaiscollemessino.it\/de\/index.php\/wp-json\/wp\/v2\/comments?post=1086"}],"version-history":[{"count":7,"href":"https:\/\/relaiscollemessino.it\/de\/index.php\/wp-json\/wp\/v2\/pages\/1086\/revisions"}],"predecessor-version":[{"id":1375,"href":"https:\/\/relaiscollemessino.it\/de\/index.php\/wp-json\/wp\/v2\/pages\/1086\/revisions\/1375"}],"wp:attachment":[{"href":"https:\/\/relaiscollemessino.it\/de\/index.php\/wp-json\/wp\/v2\/media?parent=1086"}],"curies":[{"name":"wp","href":"https:\/\/api.w.org\/{rel}","templated":true}]}}